{"id":8132,"date":"2018-04-12T08:15:39","date_gmt":"2018-04-12T08:15:39","guid":{"rendered":"https:\/\/www.hotel-5doerfer.ch\/stellen\/"},"modified":"2022-04-11T08:09:39","modified_gmt":"2022-04-11T08:09:39","slug":"jobs","status":"publish","type":"page","link":"https:\/\/www.hotel-5doerfer.ch\/en\/about-us\/jobs\/","title":{"rendered":"Jobs"},"content":{"rendered":"<div class=\"wpb-content-wrapper\"><p>[vc_row full_width=&#8221;stretch_row_content_no_spaces&#8221; content_placement=&#8221;middle&#8221; parallax=&#8221;content-moving-fade&#8221; parallax_image=&#8221;5703&#8243; css_animation=&#8221;fadeIn&#8221;][vc_column][vc_empty_space height=&#8221;200px&#8221;][\/vc_column][\/vc_row][vc_row][vc_column][vc_empty_space][\/vc_column][\/vc_row][vc_row][vc_column width=&#8221;1\/4&#8243;][vc_wp_custommenu nav_menu=&#8221;151&#8243;][\/vc_column][vc_column width=&#8221;3\/4&#8243; css=&#8221;.vc_custom_1521296141140{margin-top: -20px !important;}&#8221;]<div class=\"addon-themeum-title \" style=\"text-align:left;\"><div class=\"themeum-title title-normal normal\"><h2 class=\"thm-titlestandardstyle\" > Wir brauchen Dich<\/h2><\/div><\/div>[vc_empty_space height=&#8221;25px&#8221;][vc_column_text]Um unseren G\u00e4sten ein Erlebnis zu bieten und diese zu begeistern, brauchen wir ein super motiviertes Team.<\/p>\n<p>&nbsp;<\/p>\n<p>Kannst Du Dich mit unserem Leitmotiv &#8220;<strong>als Gast kommen &#8211; als Freund gehen<\/strong>&#8221; identifizieren?<\/p>\n<p>Bist du zuverl\u00e4ssig, ein Teamplayer und motiviet das Best zu geben? Dann bewerbe dich bei uns!<\/p>\n<p>Unsere Jopangebote:<\/p>\n<ul>\n<li>Servicefachangestellet 50-100%<\/li>\n<li>Hotel-R\u00e9sptionist Teilzeit<\/li>\n<li>Koch 100% und Teilzeit<\/li>\n<li>K\u00fcchenangestellte\/-gestellter 60-100%<\/li>\n<li>Reinigungsangestellte Hotel\/ Allrounderin Teilzeit<\/li>\n<\/ul>\n<p>Herr G\u00e4mperli gobt Ihnen gerne n\u00e4here Ausk\u00fcnfte zu den Jobangeboten!<\/p>\n<p>Kontakt: 0041 81 307 19 90 oder hotel@5doerfer.ch<\/p>\n<p>Unsere offenes Stellenangbot finden Sie auch unter: <a href=\"https:\/\/www.adsjob.com\/50.html?id=479\" target=\"_blank\" rel=\"noopener noreferrer\"><strong>http:\/\/www.adsjob.com\/betrieb.php?id=479<\/strong><\/a><\/p>\n<p>Wir freuen uns auf Ihre Kontaktaufnahme![\/vc_column_text][\/vc_column][\/vc_row][vc_row][vc_column][vc_empty_space][\/vc_column][\/vc_row][vc_row][vc_column][\/vc_column][\/vc_row]<\/p>\n<\/div>","protected":false},"excerpt":{"rendered":"<p>[vc_row full_width=&#8221;stretch_row_content_no_spaces&#8221; content_placement=&#8221;middle&#8221; parallax=&#8221;content-moving-fade&#8221; parallax_image=&#8221;5703&#8243; css_animation=&#8221;fadeIn&#8221;][vc_column][vc_empty_space height=&#8221;200px&#8221;][\/vc_column][\/vc_row][vc_row][vc_column][vc_empty_space][\/vc_column][\/vc_row][vc_row][vc_column width=&#8221;1\/4&#8243;][vc_wp_custommenu nav_menu=&#8221;151&#8243;][\/vc_column][vc_column width=&#8221;3\/4&#8243; css=&#8221;.vc_custom_1521296141140{margin-top: -20px !important;}&#8221;][vc_empty_space height=&#8221;25px&#8221;][vc_column_text]Um unseren G\u00e4sten ein Erlebnis zu bieten und diese zu begeistern, brauchen wir ein super motiviertes Team. &nbsp; Kannst Du Dich mit unserem Leitmotiv &#8220;als Gast kommen &#8211; als Freund gehen&#8221; identifizieren? Bist du zuverl\u00e4ssig, ein Teamplayer und motiviet das Best zu [&hellip;]<\/p>\n","protected":false},"author":5,"featured_media":0,"parent":8152,"menu_order":5,"comment_status":"closed","ping_status":"closed","template":"homepage.php","meta":{"footnotes":""},"class_list":["post-8132","page","type-page","status-publish","hentry"],"_links":{"self":[{"href":"https:\/\/www.hotel-5doerfer.ch\/en\/wp-json\/wp\/v2\/pages\/8132","targetHints":{"allow":["GET"]}}],"collection":[{"href":"https:\/\/www.hotel-5doerfer.ch\/en\/wp-json\/wp\/v2\/pages"}],"about":[{"href":"https:\/\/www.hotel-5doerfer.ch\/en\/wp-json\/wp\/v2\/types\/page"}],"author":[{"embeddable":true,"href":"https:\/\/www.hotel-5doerfer.ch\/en\/wp-json\/wp\/v2\/users\/5"}],"replies":[{"embeddable":true,"href":"https:\/\/www.hotel-5doerfer.ch\/en\/wp-json\/wp\/v2\/comments?post=8132"}],"version-history":[{"count":2,"href":"https:\/\/www.hotel-5doerfer.ch\/en\/wp-json\/wp\/v2\/pages\/8132\/revisions"}],"predecessor-version":[{"id":8313,"href":"https:\/\/www.hotel-5doerfer.ch\/en\/wp-json\/wp\/v2\/pages\/8132\/revisions\/8313"}],"up":[{"embeddable":true,"href":"https:\/\/www.hotel-5doerfer.ch\/en\/wp-json\/wp\/v2\/pages\/8152"}],"wp:attachment":[{"href":"https:\/\/www.hotel-5doerfer.ch\/en\/wp-json\/wp\/v2\/media?parent=8132"}],"curies":[{"name":"wp","href":"https:\/\/api.w.org\/{rel}","templated":true}]}}