{"id":8144,"date":"2018-03-13T19:47:52","date_gmt":"2018-03-13T19:47:52","guid":{"rendered":"https:\/\/www.hotel-5doerfer.ch\/idee\/"},"modified":"2025-02-07T11:43:27","modified_gmt":"2025-02-07T11:43:27","slug":"ideas","status":"publish","type":"page","link":"https:\/\/www.hotel-5doerfer.ch\/en\/seminars\/ideas\/","title":{"rendered":"Seminar Ideas"},"content":{"rendered":"<div class=\"wpb-content-wrapper\"><p>[vc_row full_width=&#8221;stretch_row_content_no_spaces&#8221; content_placement=&#8221;middle&#8221; parallax=&#8221;content-moving-fade&#8221; parallax_image=&#8221;5412&#8243; css_animation=&#8221;fadeIn&#8221;][vc_column][vc_empty_space height=&#8221;200px&#8221;][\/vc_column][\/vc_row][vc_row][vc_column][vc_empty_space][\/vc_column][\/vc_row][vc_row][vc_column width=&#8221;1\/4&#8243;][vc_wp_custommenu nav_menu=&#8221;143&#8243;][vc_btn title=&#8221;SEMINAR ANFRAGEN&#8221; color=&#8221;warning&#8221; size=&#8221;lg&#8221; i_icon_fontawesome=&#8221;fa fa-envelope-open&#8221; add_icon=&#8221;true&#8221; link=&#8221;url:http%3A%2F%2Fwww.hotel-5doerfer.ch%2Fpopup%2Fanfrage-seminar%2F|&#8221; el_class=&#8221;popmake-anfrage-seminar&#8221;][\/vc_column][vc_column width=&#8221;3\/4&#8243; css=&#8221;.vc_custom_1521296141140{margin-top: -20px !important;}&#8221;]<div class=\"addon-themeum-title \" style=\"text-align:left;\"><div class=\"themeum-title title-normal normal\"><h2 class=\"thm-titlestandardstyle\" >Seminar Ideen<\/h2><\/div><\/div>[vc_empty_space height=&#8221;25px&#8221;][vc_column_text css=&#8221;&#8221;]Do you want to surprise your participants, employees or conversation partners? We habe put together a few ideas to make your seminar even more varied an interesting. You can also find further inspiration in our <a href=\"https:\/\/www.hotel-5doerfer.ch\/wp-admin\/post.php?vc_action=vc_inline&amp;post_id=5100&amp;post_type=page\">excursion destinations.<\/a><\/p>\n<h4><strong>Gemeinsam Kochen f\u00f6rdert das Teamwork<\/strong><\/h4>\n<p>Lassen Sie die Seminarteilnehmer gemeinsam ein<strong> K\u00e4sefondue<\/strong> zubereiten, <strong>einen \u201eGrillplausch\u201c<\/strong> oder eine <strong>Pizza backen<\/strong> durchf\u00fchren. Spannend zu sehen, wie die Teilnehmer harmonieren. <strong>Wir stellen daf\u00fcr gern unsere Infrastruktur zur Verf\u00fcgung.<\/strong><\/p>\n<h4><strong>B\u00fcndner Spezialit\u00e4ten und deren Herstellung<\/strong><\/h4>\n<p>In n\u00e4chster Umgebung befinden sich unz\u00e4hlige Winzer, die gern \u00fcber Ihre T\u00e4tigkeit berichten und Sie bei einer <strong>Weinverkostung<\/strong> informieren. Erfahren Sie wie B\u00fcndnerfleisch hergestellt sind. Eine <strong>Besichtigung einer Fleischtrocknerei<\/strong> gibt Ihnen Einblick in diese traditionelle Fleischveredelung. In Graub\u00fcnden wird auch Bier gebraut. Die h\u00f6chst gelegenen Brauerei der Schweiz in Davos Monstein vermittelt gern das <strong>Bier-ABC<\/strong>.<\/p>\n<h4><strong>Viel &#8220;Action&#8221;<\/strong><\/h4>\n<p>Begehen Sie mit den Teilnehmern den <strong>Seilpark<\/strong> oder unternehmen Sie einen <strong>Schlittelplausch<\/strong>. Fahren Sie <strong>Go-Kart<\/strong> oder schieben Sie eine &#8220;ruhige&#8221; Kugel beim <strong>Bowling<\/strong>. Das Angebot in unserer Region ist riesig.<\/p>\n<h4><strong>Sportlich unterwegs im F\u00fcnf-D\u00f6rfer<\/strong><\/h4>\n<p>Bauen Sie spielerische Elemente ein mit <strong>Dart, Billiard<\/strong> oder <strong>Tischtennis<\/strong>. Oder lassen Sie Ihre G\u00e4ste beim <strong>Tennis, Squash<\/strong> oder <strong>Badminton<\/strong>austoben. Gern organisieren wir etwas Sportliches f\u00fcr Sie.<\/p>\n<p>Wir tun alles, damit Ihre Veranstaltung zu einem Erlebnis wird und unterst\u00fctzen Sie gern mit unseren Ideen. Rufen Sie uns an:<br \/>\n<strong>Telefon +41 (0)81 307 19 90<\/strong><\/p>\n<p>Weitere Inspiration finden Sie auch bei unseren Ausflugszielen in der Region Chur und Heidiland.<br \/>\nChur: <a href=\"https:\/\/chur.graubuenden.ch\/de\" target=\"_blank\" rel=\"noopener noreferrer\">https:\/\/chur.graubuenden.ch\/de<\/a><br \/>\nHeidiland: <a href=\"https:\/\/heidiland.com\/de\/erleben.html\" target=\"_blank\" rel=\"noopener noreferrer\">https:\/\/heidiland.com\/de\/erleben.html<\/a>[\/vc_column_text]<div class=\"themeum-photo-gallery-item \"><div class=\"col-xs-12 col-sm-6 col-md-3 no-padding\"><div class=\"conference-img\"><div class=\"photo \" style=\"margin:10px;\"><a style=\"\" href=\"https:\/\/www.hotel-5doerfer.ch\/wp-content\/uploads\/2018\/03\/big_1359454270_Hotel_Sportcenter_5_Doerfer_Restaurant_Seminarraum_2.jpg\" class=\"plus-icon\"><img decoding=\"async\" src=\"https:\/\/www.hotel-5doerfer.ch\/wp-content\/uploads\/2018\/03\/big_1359454270_Hotel_Sportcenter_5_Doerfer_Restaurant_Seminarraum_2-570x360.jpg\" class=\"img-responsive\" alt=\"\" \/><\/a><\/div><\/div><\/div><div class=\"col-xs-12 col-sm-6 col-md-3 no-padding\"><div class=\"conference-img\"><div class=\"photo \" style=\"margin:10px;\"><a style=\"\" href=\"https:\/\/www.hotel-5doerfer.ch\/wp-content\/uploads\/2018\/03\/P1030177.jpg\" class=\"plus-icon\"><img decoding=\"async\" src=\"https:\/\/www.hotel-5doerfer.ch\/wp-content\/uploads\/2018\/03\/P1030177-570x360.jpg\" class=\"img-responsive\" alt=\"\" \/><\/a><\/div><\/div><\/div><div class=\"col-xs-12 col-sm-6 col-md-3 no-padding\"><div class=\"conference-img\"><div class=\"photo \" style=\"margin:10px;\"><a style=\"\" href=\"https:\/\/www.hotel-5doerfer.ch\/wp-content\/uploads\/2018\/03\/P1030189.jpg\" class=\"plus-icon\"><img decoding=\"async\" src=\"https:\/\/www.hotel-5doerfer.ch\/wp-content\/uploads\/2018\/03\/P1030189-570x360.jpg\" class=\"img-responsive\" alt=\"\" \/><\/a><\/div><\/div><\/div><div class=\"col-xs-12 col-sm-6 col-md-3 no-padding\"><div class=\"conference-img\"><div class=\"photo \" style=\"margin:10px;\"><a style=\"\" href=\"https:\/\/www.hotel-5doerfer.ch\/wp-content\/uploads\/2018\/03\/big_1360958351_Hotel_Sportcenter_Funf_Dorfer_Seminar_Seminarraum2_1.jpg\" class=\"plus-icon\"><img decoding=\"async\" src=\"https:\/\/www.hotel-5doerfer.ch\/wp-content\/uploads\/2018\/03\/big_1360958351_Hotel_Sportcenter_Funf_Dorfer_Seminar_Seminarraum2_1-570x360.jpg\" class=\"img-responsive\" alt=\"\" \/><\/a><\/div><\/div><\/div><div class=\"col-xs-12 col-sm-6 col-md-3 no-padding\"><div class=\"conference-img\"><div class=\"photo \" style=\"margin:10px;\"><a style=\"\" href=\"https:\/\/www.hotel-5doerfer.ch\/wp-content\/uploads\/2018\/03\/big_1360935083_Seminarhotel_Sportcenter_Fuenf_Doerfer_Reception_Seminarraum1_3.jpg\" class=\"plus-icon\"><img decoding=\"async\" src=\"https:\/\/www.hotel-5doerfer.ch\/wp-content\/uploads\/2018\/03\/big_1360935083_Seminarhotel_Sportcenter_Fuenf_Doerfer_Reception_Seminarraum1_3-570x360.jpg\" class=\"img-responsive\" alt=\"\" \/><\/a><\/div><\/div><\/div><div class=\"col-xs-12 col-sm-6 col-md-3 no-padding\"><div class=\"conference-img\"><div class=\"photo \" style=\"margin:10px;\"><a style=\"\" href=\"https:\/\/www.hotel-5doerfer.ch\/wp-content\/uploads\/2018\/03\/big_1361218620_Seminarhotel_Sportcenter_Funf_Dorfer_Seminarraum1_Meeting_16.jpg\" class=\"plus-icon\"><img decoding=\"async\" src=\"https:\/\/www.hotel-5doerfer.ch\/wp-content\/uploads\/2018\/03\/big_1361218620_Seminarhotel_Sportcenter_Funf_Dorfer_Seminarraum1_Meeting_16-570x360.jpg\" class=\"img-responsive\" alt=\"\" \/><\/a><\/div><\/div><\/div><div class=\"col-xs-12 col-sm-6 col-md-3 no-padding\"><div class=\"conference-img\"><div class=\"photo \" style=\"margin:10px;\"><a style=\"\" href=\"https:\/\/www.hotel-5doerfer.ch\/wp-content\/uploads\/2019\/10\/Saal_6.jpg\" class=\"plus-icon\"><img decoding=\"async\" src=\"https:\/\/www.hotel-5doerfer.ch\/wp-content\/uploads\/2019\/10\/Saal_6-570x360.jpg\" class=\"img-responsive\" alt=\"\" \/><\/a><\/div><\/div><\/div><div class=\"col-xs-12 col-sm-6 col-md-3 no-padding\"><div class=\"conference-img\"><div class=\"photo \" style=\"margin:10px;\"><a style=\"\" href=\"https:\/\/www.hotel-5doerfer.ch\/wp-content\/uploads\/2019\/10\/P1040274.jpg\" class=\"plus-icon\"><img decoding=\"async\" src=\"https:\/\/www.hotel-5doerfer.ch\/wp-content\/uploads\/2019\/10\/P1040274-570x360.jpg\" class=\"img-responsive\" alt=\"\" \/><\/a><\/div><\/div><\/div><div class=\"col-xs-12 col-sm-6 col-md-3 no-padding\"><div class=\"conference-img\"><div class=\"photo \" style=\"margin:10px;\"><a style=\"\" href=\"https:\/\/www.hotel-5doerfer.ch\/wp-content\/uploads\/2019\/10\/P1030610.jpg\" class=\"plus-icon\"><img decoding=\"async\" src=\"https:\/\/www.hotel-5doerfer.ch\/wp-content\/uploads\/2019\/10\/P1030610-570x360.jpg\" class=\"img-responsive\" alt=\"\" \/><\/a><\/div><\/div><\/div><div class=\"col-xs-12 col-sm-6 col-md-3 no-padding\"><div class=\"conference-img\"><div class=\"photo \" style=\"margin:10px;\"><a style=\"\" href=\"https:\/\/www.hotel-5doerfer.ch\/wp-content\/uploads\/2019\/10\/Seminarraum1.jpg\" class=\"plus-icon\"><img decoding=\"async\" src=\"https:\/\/www.hotel-5doerfer.ch\/wp-content\/uploads\/2019\/10\/Seminarraum1-570x360.jpg\" class=\"img-responsive\" alt=\"\" \/><\/a><\/div><\/div><\/div><div class=\"col-xs-12 col-sm-6 col-md-3 no-padding\"><div class=\"conference-img\"><div class=\"photo \" style=\"margin:10px;\"><a style=\"\" href=\"https:\/\/www.hotel-5doerfer.ch\/wp-content\/uploads\/2020\/06\/Saal_8.jpg\" class=\"plus-icon\"><img decoding=\"async\" src=\"https:\/\/www.hotel-5doerfer.ch\/wp-content\/uploads\/2020\/06\/Saal_8-570x360.jpg\" class=\"img-responsive\" alt=\"\" \/><\/a><\/div><\/div><\/div><div class=\"col-xs-12 col-sm-6 col-md-3 no-padding\"><div class=\"conference-img\"><div class=\"photo \" style=\"margin:10px;\"><a style=\"\" href=\"https:\/\/www.hotel-5doerfer.ch\/wp-content\/uploads\/2018\/03\/big_1477905332_Saal6fb.jpg\" class=\"plus-icon\"><img decoding=\"async\" src=\"https:\/\/www.hotel-5doerfer.ch\/wp-content\/uploads\/2018\/03\/big_1477905332_Saal6fb-570x360.jpg\" class=\"img-responsive\" alt=\"\" \/><\/a><\/div><\/div><\/div><\/div>[\/vc_column][\/vc_row][vc_row][vc_column][vc_empty_space][\/vc_column][\/vc_row][vc_row][vc_column][\/vc_column][\/vc_row]<\/p>\n<\/div>","protected":false},"excerpt":{"rendered":"<p>[vc_row full_width=&#8221;stretch_row_content_no_spaces&#8221; content_placement=&#8221;middle&#8221; parallax=&#8221;content-moving-fade&#8221; parallax_image=&#8221;5412&#8243; css_animation=&#8221;fadeIn&#8221;][vc_column][vc_empty_space height=&#8221;200px&#8221;][\/vc_column][\/vc_row][vc_row][vc_column][vc_empty_space][\/vc_column][\/vc_row][vc_row][vc_column width=&#8221;1\/4&#8243;][vc_wp_custommenu nav_menu=&#8221;143&#8243;][vc_btn title=&#8221;SEMINAR ANFRAGEN&#8221; color=&#8221;warning&#8221; size=&#8221;lg&#8221; i_icon_fontawesome=&#8221;fa fa-envelope-open&#8221; add_icon=&#8221;true&#8221; link=&#8221;url:http%3A%2F%2Fwww.hotel-5doerfer.ch%2Fpopup%2Fanfrage-seminar%2F|&#8221; el_class=&#8221;popmake-anfrage-seminar&#8221;][\/vc_column][vc_column width=&#8221;3\/4&#8243; css=&#8221;.vc_custom_1521296141140{margin-top: -20px !important;}&#8221;][vc_empty_space height=&#8221;25px&#8221;][vc_column_text css=&#8221;&#8221;]Do you want to surprise your participants, employees or conversation partners? We habe put together a few ideas to make your seminar even more varied an interesting. You can also find further [&hellip;]<\/p>\n","protected":false},"author":5,"featured_media":0,"parent":8156,"menu_order":4,"comment_status":"closed","ping_status":"closed","template":"homepage.php","meta":{"footnotes":""},"class_list":["post-8144","page","type-page","status-publish","hentry"],"_links":{"self":[{"href":"https:\/\/www.hotel-5doerfer.ch\/en\/wp-json\/wp\/v2\/pages\/8144","targetHints":{"allow":["GET"]}}],"collection":[{"href":"https:\/\/www.hotel-5doerfer.ch\/en\/wp-json\/wp\/v2\/pages"}],"about":[{"href":"https:\/\/www.hotel-5doerfer.ch\/en\/wp-json\/wp\/v2\/types\/page"}],"author":[{"embeddable":true,"href":"https:\/\/www.hotel-5doerfer.ch\/en\/wp-json\/wp\/v2\/users\/5"}],"replies":[{"embeddable":true,"href":"https:\/\/www.hotel-5doerfer.ch\/en\/wp-json\/wp\/v2\/comments?post=8144"}],"version-history":[{"count":7,"href":"https:\/\/www.hotel-5doerfer.ch\/en\/wp-json\/wp\/v2\/pages\/8144\/revisions"}],"predecessor-version":[{"id":9913,"href":"https:\/\/www.hotel-5doerfer.ch\/en\/wp-json\/wp\/v2\/pages\/8144\/revisions\/9913"}],"up":[{"embeddable":true,"href":"https:\/\/www.hotel-5doerfer.ch\/en\/wp-json\/wp\/v2\/pages\/8156"}],"wp:attachment":[{"href":"https:\/\/www.hotel-5doerfer.ch\/en\/wp-json\/wp\/v2\/media?parent=8144"}],"curies":[{"name":"wp","href":"https:\/\/api.w.org\/{rel}","templated":true}]}}