{"id":8153,"date":"2018-03-06T14:28:32","date_gmt":"2018-03-06T14:28:32","guid":{"rendered":"https:\/\/www.hotel-5doerfer.ch\/motorrad\/"},"modified":"2025-02-05T14:50:14","modified_gmt":"2025-02-05T14:50:14","slug":"motorcycles","status":"publish","type":"page","link":"https:\/\/www.hotel-5doerfer.ch\/en\/motorcycles\/","title":{"rendered":"Motorcycles"},"content":{"rendered":"<div class=\"wpb-content-wrapper\"><p>[vc_row full_width=&#8221;stretch_row_content&#8221; parallax=&#8221;content-moving-fade&#8221; parallax_image=&#8221;5468&#8243; css_animation=&#8221;fadeIn&#8221; css=&#8221;.vc_custom_1521453764483{background-position: center;background-repeat: no-repeat;background-size:contain;}&#8221;][vc_column css=&#8221;.vc_custom_1521302728595{margin-right: 0px !important;margin-left: 0px !important;}&#8221;][vc_empty_space height=&#8221;300px&#8221;][\/vc_column][\/vc_row][vc_row][vc_column width=&#8221;1\/4&#8243;][vc_empty_space][vc_wp_custommenu nav_menu=&#8221;247&#8243;][\/vc_column][vc_column width=&#8221;3\/4&#8243;][vc_empty_space]<div class=\"addon-themeum-title \" style=\"text-align:left;\"><div class=\"themeum-title title-normal normal\"><h2 class=\"thm-titlestandardstyle\" >Pure Motorcycling<\/h2><\/div><\/div>[vc_empty_space height=&#8221;25px&#8221;][vc_row_inner equal_height=&#8221;yes&#8221;][vc_column_inner][vc_column_text css=&#8221;&#8221;]<span class=\"VIiyi\" lang=\"en\"><span class=\"JLqJ4b\" data-language-for-alternatives=\"en\" data-language-to-translate-into=\"de\" data-phrase-index=\"0\" data-number-of-phrases=\"1\"><span class=\"Q4iAWc\">The well-kept <strong>Touren-Fahrer Hotel F\u00fcnf-D\u00f6rfer<\/strong> is located at the gateway to Graub\u00fcnden and is therefore the ideal starting point for wonderful and eventful tours. It offers every three-star comfort a motorcyclist could wish for. <\/span><\/span><\/span><\/p>\n<p><span class=\"VIiyi\" lang=\"en\"><span class=\"JLqJ4b\" data-language-for-alternatives=\"en\" data-language-to-translate-into=\"de\" data-phrase-index=\"0\" data-number-of-phrases=\"1\"><span class=\"Q4iAWc\"><strong>Chef Markus<\/strong> is a passionate \u201cbiker\u201d himself. He knows all the mountain roads and passes in the region and is available as an &#8220;insider&#8221; with advice and action! <\/span><\/span><\/span><\/p>\n<p><span class=\"VIiyi\" lang=\"en\"><span class=\"JLqJ4b\" data-language-for-alternatives=\"en\" data-language-to-translate-into=\"de\" data-phrase-index=\"0\" data-number-of-phrases=\"1\"><span class=\"Q4iAWc\">During the motorbike season, your host Markus regularly accompanies his motorbike-loving guests personally on exciting motorbike tours. His &#8220;<strong><a href=\"https:\/\/www.hotel-5doerfer.ch\/en\/motorcycles\/motorcycle-tours\/\">insider routes<\/a><\/strong>&#8221; lead away from the classic and well-known routes through the beautiful Grisons. In addition to motorcycling, culinary delights are not neglected. There are restaurants where the guests of the Hotel F\u00fcnf-D\u00f6rfer are guaranteed to experience something special. <\/span><\/span><\/span><\/p>\n<p><span class=\"VIiyi\" lang=\"en\"><span class=\"JLqJ4b\" data-language-for-alternatives=\"en\" data-language-to-translate-into=\"de\" data-phrase-index=\"0\" data-number-of-phrases=\"1\"><span class=\"Q4iAWc\">Markus G\u00e4mperli and team <\/span><\/span><\/span><\/p>\n<p><span class=\"VIiyi\" lang=\"en\"><span class=\"JLqJ4b\" data-language-for-alternatives=\"en\" data-language-to-translate-into=\"de\" data-phrase-index=\"0\" data-number-of-phrases=\"1\"><span class=\"Q4iAWc\"><strong>Especially for motorcyclists:<\/strong> <\/span><\/span><\/span><\/p>\n<ul>\n<li><span class=\"VIiyi\" lang=\"en\"><span class=\"JLqJ4b\" data-language-for-alternatives=\"en\" data-language-to-translate-into=\"de\" data-phrase-index=\"0\" data-number-of-phrases=\"1\"><span class=\"Q4iAWc\">Tour maps with photos <\/span><\/span><\/span><\/li>\n<li><span class=\"VIiyi\" lang=\"en\"><span class=\"JLqJ4b\" data-language-for-alternatives=\"en\" data-language-to-translate-into=\"de\" data-phrase-index=\"0\" data-number-of-phrases=\"1\"><span class=\"Q4iAWc\">Laundry and ironing service <\/span><\/span><\/span><\/li>\n<li><span class=\"VIiyi\" lang=\"en\"><span class=\"JLqJ4b\" data-language-for-alternatives=\"en\" data-language-to-translate-into=\"de\" data-phrase-index=\"0\" data-number-of-phrases=\"1\"><span class=\"Q4iAWc\">Guided tours on request <\/span><\/span><\/span><\/li>\n<li><span class=\"VIiyi\" lang=\"en\"><span class=\"JLqJ4b\" data-language-for-alternatives=\"en\" data-language-to-translate-into=\"de\" data-phrase-index=\"0\" data-number-of-phrases=\"1\"><span class=\"Q4iAWc\">Screwdriver box with washing area drying room <\/span><\/span><\/span><\/li>\n<li><span class=\"VIiyi\" lang=\"en\"><span class=\"JLqJ4b\" data-language-for-alternatives=\"en\" data-language-to-translate-into=\"de\" data-phrase-index=\"0\" data-number-of-phrases=\"1\"><span class=\"Q4iAWc\">Local workshop service <\/span><\/span><\/span><\/li>\n<li><span class=\"VIiyi\" lang=\"en\"><span class=\"JLqJ4b\" data-language-for-alternatives=\"en\" data-language-to-translate-into=\"de\" data-phrase-index=\"0\" data-number-of-phrases=\"1\"><span class=\"Q4iAWc\">Camera and GPS rental <\/span><\/span><\/span><\/li>\n<li><span class=\"VIiyi\" lang=\"en\"><span class=\"JLqJ4b\" data-language-for-alternatives=\"en\" data-language-to-translate-into=\"de\" data-phrase-index=\"0\" data-number-of-phrases=\"1\"><span class=\"Q4iAWc\">Free cleaning products <\/span><\/span><\/span><\/li>\n<li><span class=\"VIiyi\" lang=\"en\"><span class=\"JLqJ4b\" data-language-for-alternatives=\"en\" data-language-to-translate-into=\"de\" data-phrase-index=\"0\" data-number-of-phrases=\"1\"><span class=\"Q4iAWc\">Jacuzzi for bikers <\/span><\/span><\/span><\/li>\n<li><span class=\"VIiyi\" lang=\"en\"><span class=\"JLqJ4b\" data-language-for-alternatives=\"en\" data-language-to-translate-into=\"de\" data-phrase-index=\"0\" data-number-of-phrases=\"1\"><span class=\"Q4iAWc\">Shopping and leisure activities <\/span><\/span><\/span><\/li>\n<\/ul>\n<p><span class=\"VIiyi\" lang=\"en\"><span class=\"JLqJ4b\" data-language-for-alternatives=\"en\" data-language-to-translate-into=\"de\" data-phrase-index=\"0\" data-number-of-phrases=\"1\"><span class=\"Q4iAWc\">Have fun on the winding roads and in Hotel F\u00fcnf-D\u00f6rfer.<\/span><\/span><\/span><\/p>\n<p>keep on riding![\/vc_column_text][\/vc_column_inner][\/vc_row_inner][vc_empty_space][\/vc_column][\/vc_row][vc_row][vc_column width=&#8221;1\/4&#8243;]<div class=\"addon-themeum-title \" style=\"text-align:left;\"><div class=\"themeum-title title-leftborder leftborder\"><h3 class=\"thm-titlecustomstyle\" style=\"font-size:16px;word-wrap: break-word;font-weight:700;margin:0 0px 26px 0px;\">MOTORCYCLE COMPETENCE<\/h3><\/div><\/div><div class=\"themeum-feature-wrapper \" style=\"border-radius:3px 3px 3px 3px;text-align:left;\"><div class=\"feature-img-area-default default\"><img decoding=\"async\" class=\"img-responsive\" alt=\"photo\" src=\"\"><\/div><div class=\"feature-content-area\" style=\"padding:25px 25px 25px 25px;\"><div class=\"feature-subtitle\" style=\"font-size:14px;word-wrap: break-word;line-height:24px;font-weight:400;margin:0 0 10px 0;\">All of our 34 spacious double rooms face nature, the nearby forest and the Rhine and are therefore very quiet.<\/div><a  data-btn-hover-color=\"\" class=\"feature-btn\" style=\"\" href=\"https:\/\/www.hotel-5doerfer.ch\/en\/hotel\/rooms\/\" >Hotel Rooms<i class=\"fa fa-angle-right\"><\/i><\/a><\/div><\/div>[\/vc_column][vc_column width=&#8221;1\/4&#8243;]<div class=\"addon-themeum-title \" style=\"text-align:left;\"><div class=\"themeum-title title-leftborder leftborder\"><h3 class=\"thm-titlecustomstyle\" style=\"font-size:16px;word-wrap: break-word;font-weight:700;margin:0 0px 26px 0px;\">BUSINESS SERVICES<\/h3><\/div><\/div><div class=\"themeum-feature-wrapper \" style=\"border-radius:3px 3px 3px 3px;text-align:left;\"><div class=\"feature-img-area-default default\"><img decoding=\"async\" class=\"img-responsive\" alt=\"photo\" src=\"\"><\/div><div class=\"feature-content-area\" style=\"padding:25px 25px 25px 25px;\"><div class=\"feature-subtitle\" style=\"font-size:14px;word-wrap: break-word;line-height:24px;font-weight:400;margin:0 0 10px 0;\">Business travelers particularly appreciate our special business service for a pleasant stay in the hotel that is as stress-free as possible.<\/div><a  data-btn-hover-color=\"\" class=\"feature-btn\" style=\"\" href=\"https:\/\/www.hotel-5doerfer.ch\/en\/hotel\/business-service\/\" >Business Services<i class=\"fa fa-angle-right\"><\/i><\/a><\/div><\/div>[\/vc_column][vc_column width=&#8221;1\/4&#8243;]<div class=\"addon-themeum-title \" style=\"text-align:left;\"><div class=\"themeum-title title-leftborder leftborder\"><h3 class=\"thm-titlecustomstyle\" style=\"font-size:16px;word-wrap: break-word;font-weight:700;margin:0 0px 26px 0px;\">FLAT RATES<\/h3><\/div><\/div><div class=\"themeum-feature-wrapper \" style=\"border-radius:3px 3px 3px 3px;text-align:left;\"><div class=\"feature-img-area-default default\"><img decoding=\"async\" class=\"img-responsive\" alt=\"photo\" src=\"\"><\/div><div class=\"feature-content-area\" style=\"padding:25px 25px 25px 25px;\"><div class=\"feature-subtitle\" style=\"font-size:14px;word-wrap: break-word;line-height:24px;font-weight:400;margin:0 0 10px 0;\">Benefit from unique and attractive packages with an unbeatable price\/performance ratio for every season.<\/div><a  data-btn-hover-color=\"\" class=\"feature-btn\" style=\"\" href=\"https:\/\/www.hotel-5doerfer.ch\/en\/hotel\/flate-rates\/\" >Flat Rates<i class=\"fa fa-angle-right\"><\/i><\/a><\/div><\/div>[\/vc_column][vc_column width=&#8221;1\/4&#8243;]<div class=\"addon-themeum-title \" style=\"text-align:left;\"><div class=\"themeum-title title-leftborder leftborder\"><h3 class=\"thm-titlecustomstyle\" style=\"font-size:16px;word-wrap: break-word;font-weight:700;margin:0 0px 26px 0px;\">PRICES<\/h3><\/div><\/div><div class=\"themeum-feature-wrapper \" style=\"border-radius:3px 3px 3px 3px;text-align:left;\"><div class=\"feature-img-area-default default\"><img decoding=\"async\" class=\"img-responsive\" alt=\"photo\" src=\"\"><\/div><div class=\"feature-content-area\" style=\"padding:25px 25px 25px 25px;\"><div class=\"feature-subtitle\" style=\"font-size:14px;word-wrap: break-word;line-height:24px;font-weight:400;margin:0 0 10px 0;\">Top quality at a fair price. With us you can stay in a double room from CHF 60 per person. Ask us for special offers.<\/div><a  data-btn-hover-color=\"\" class=\"feature-btn\" style=\"\" href=\"https:\/\/www.hotel-5doerfer.ch\/en\/hotel\/prices\/\" >Prices<i class=\"fa fa-angle-right\"><\/i><\/a><\/div><\/div>[\/vc_column][\/vc_row][vc_row][vc_column css=&#8221;.vc_custom_1520776335681{margin-top: 20px !important;margin-bottom: 10px !important;border-bottom-width: 20px !important;padding-bottom: 20px !important;}&#8221;][vc_empty_space][\/vc_column][\/vc_row][vc_row][vc_column][vc_single_image image=&#8221;6907&#8243; img_size=&#8221;full&#8221; onclick=&#8221;link_image&#8221;][\/vc_column][\/vc_row]<\/p>\n<\/div>","protected":false},"excerpt":{"rendered":"<p>[vc_row full_width=&#8221;stretch_row_content&#8221; parallax=&#8221;content-moving-fade&#8221; parallax_image=&#8221;5468&#8243; css_animation=&#8221;fadeIn&#8221; css=&#8221;.vc_custom_1521453764483{background-position: center;background-repeat: no-repeat;background-size:contain;}&#8221;][vc_column css=&#8221;.vc_custom_1521302728595{margin-right: 0px !important;margin-left: 0px !important;}&#8221;][vc_empty_space height=&#8221;300px&#8221;][\/vc_column][\/vc_row][vc_row][vc_column width=&#8221;1\/4&#8243;][vc_empty_space][vc_wp_custommenu nav_menu=&#8221;247&#8243;][\/vc_column][vc_column width=&#8221;3\/4&#8243;][vc_empty_space][vc_empty_space height=&#8221;25px&#8221;][vc_row_inner equal_height=&#8221;yes&#8221;][vc_column_inner][vc_column_text css=&#8221;&#8221;]The well-kept Touren-Fahrer Hotel F\u00fcnf-D\u00f6rfer is located at the gateway to Graub\u00fcnden and is therefore the ideal starting point for wonderful and eventful tours. It offers every three-star comfort a motorcyclist could wish for. Chef Markus [&hellip;]<\/p>\n","protected":false},"author":5,"featured_media":0,"parent":0,"menu_order":5,"comment_status":"closed","ping_status":"closed","template":"homepage.php","meta":{"footnotes":""},"class_list":["post-8153","page","type-page","status-publish","hentry"],"_links":{"self":[{"href":"https:\/\/www.hotel-5doerfer.ch\/en\/wp-json\/wp\/v2\/pages\/8153","targetHints":{"allow":["GET"]}}],"collection":[{"href":"https:\/\/www.hotel-5doerfer.ch\/en\/wp-json\/wp\/v2\/pages"}],"about":[{"href":"https:\/\/www.hotel-5doerfer.ch\/en\/wp-json\/wp\/v2\/types\/page"}],"author":[{"embeddable":true,"href":"https:\/\/www.hotel-5doerfer.ch\/en\/wp-json\/wp\/v2\/users\/5"}],"replies":[{"embeddable":true,"href":"https:\/\/www.hotel-5doerfer.ch\/en\/wp-json\/wp\/v2\/comments?post=8153"}],"version-history":[{"count":8,"href":"https:\/\/www.hotel-5doerfer.ch\/en\/wp-json\/wp\/v2\/pages\/8153\/revisions"}],"predecessor-version":[{"id":9860,"href":"https:\/\/www.hotel-5doerfer.ch\/en\/wp-json\/wp\/v2\/pages\/8153\/revisions\/9860"}],"wp:attachment":[{"href":"https:\/\/www.hotel-5doerfer.ch\/en\/wp-json\/wp\/v2\/media?parent=8153"}],"curies":[{"name":"wp","href":"https:\/\/api.w.org\/{rel}","templated":true}]}}