{"id":8162,"date":"2017-02-23T08:47:42","date_gmt":"2017-02-23T08:47:42","guid":{"rendered":"https:\/\/www.hotel-5doerfer.ch\/start-2\/"},"modified":"2025-02-05T14:47:52","modified_gmt":"2025-02-05T14:47:52","slug":"start-2","status":"publish","type":"page","link":"https:\/\/www.hotel-5doerfer.ch\/en\/","title":{"rendered":"Home"},"content":{"rendered":"<div class=\"wpb-content-wrapper\"><p>[vc_section el_id=&#8221;Top&#8221; css=&#8221;.vc_custom_1521306078749{margin-top: -80px !important;margin-right: -px !important;margin-bottom: -px !important;margin-left: -px !important;}&#8221;][vc_row full_width=&#8221;stretch_row_content_no_spaces&#8221; css_animation=&#8221;fadeIn&#8221;][vc_column]<div id=\"home-two-crousel27\" class=\"home-two-crousel carousel carousel-fade slide \"><div class=\"carousel-inner\"><div class=\"item active\" style=\"background: #333 url(https:\/\/www.hotel-5doerfer.ch\/wp-content\/uploads\/2018\/03\/101946769-e1520505895172.jpg); background-size: cover; background-repeat: no-repeat;background-position: center center;\"><div class=\"container\"><div class=\"slider-content\"><div class=\"vertical-middle\"><h3 data-animation=\"animated fadeInUp\">Welcome to the Hotel 5 D\u00f6rfer Zizers<\/h3><h2 data-animation=\"animated-two fadeInUp\">Come as a Guest, Go as a Friend<\/h2><\/div><\/div><\/div><\/div><div class=\"item\" style=\"background: #333 url(https:\/\/www.hotel-5doerfer.ch\/wp-content\/uploads\/2018\/03\/big_1428848382_P1040293-1.jpg); background-size: cover; background-repeat: no-repeat;background-position: center center;\"><div class=\"container\"><div class=\"slider-content\"><div class=\"vertical-middle\"><h3 data-animation=\"animated fadeInUp\">Welcome to the Hotel 5 D\u00f6rfer Zizers<\/h3><h2 data-animation=\"animated-two fadeInUp\">Your Table Waiting<\/h2><a class=\"btn  btn-primary btn-lg  btn-slider\" data-animation=\"animated-four fadeInUp\" href=\"https:\/\/www.hotel-5doerfer.ch\/en\/gastronomy\/\" target=\"_blank\">Culinary<\/a><\/div><\/div><\/div><\/div><div class=\"item\" style=\"background: #333 url(); background-size: cover; background-repeat: no-repeat;background-position: center center;\"><div class=\"container\"><div class=\"slider-content\"><div class=\"vertical-middle\"><h3 data-animation=\"animated fadeInUp\">Welcome to the Hotel 5 D\u00f6rfer Zizers<\/h3><h2 data-animation=\"animated-two fadeInUp\">Top Equipped Tennis Facilities<\/h2><a class=\"btn  btn-primary btn-lg  btn-slider\" data-animation=\"animated-four fadeInUp\" href=\"https:\/\/www.hotel-5doerfer.ch\/en\/tennis-sport\/\" target=\"_blank\">Tennis &amp; Sport<\/a><\/div><\/div><\/div><\/div><div class=\"item\" style=\"background: #333 url(https:\/\/www.hotel-5doerfer.ch\/wp-content\/uploads\/2018\/04\/big_1360960885_Motorradhotel_Sportcenter_Funf_Dorfer_MoHo_Tourenmotorrad_1.jpg); background-size: cover; background-repeat: no-repeat;background-position: center center;\"><div class=\"container\"><div class=\"slider-content\"><div class=\"vertical-middle\"><h3 data-animation=\"animated fadeInUp\">Welcome to the Hotel 5 D\u00f6rfer Zizers<\/h3><h2 data-animation=\"animated-two fadeInUp\">Only The Best For Our Motorcyclists<\/h2><a class=\"btn  btn-primary btn-lg  btn-slider\" data-animation=\"animated-four fadeInUp\" href=\"https:\/\/www.hotel-5doerfer.ch\/en\/motorcycles\" target=\"_blank\">Motorcycle Competence<\/a><\/div><\/div><\/div><\/div><\/div><div class=\"slider-arrow-nav\"><a class=\"left carousel-control controller-prev\" href=\"#home-two-crousel27\" role=\"button\" data-slide=\"prev\"><i class=\"fa fa-angle-left\"><\/i><\/a><a class=\"right carousel-control controller-next\" href=\"#home-two-crousel27\" role=\"button\" data-slide=\"next\"><i class=\"fa fa-angle-right\"><\/i><\/a><\/div><\/div><script type='text\/javascript'>jQuery(document).ready(function() { jQuery('#home-two-crousel27').carousel({ interval: 6000 }) });<\/script>[\/vc_column][\/vc_row][vc_row][vc_column width=&#8221;2\/3&#8243; css=&#8221;.vc_custom_1521295736087{margin-top: 20px !important;}&#8221;]<div class=\"addon-themeum-title \" style=\"text-align:left;\"><div class=\"themeum-title title-normal normal\"><h3 class=\"thm-titlecustomstyle\" style=\"font-size:28px;word-wrap: break-word;line-height:24px;color:#000000;margin:10px 0 10px 0;padding:10px 0 10px 0;\">Hotel &amp; Sportcenter 5 D\u00f6rfer Zizers<\/h3><\/div><\/div>[vc_column_text css=&#8221;.vc_custom_1738766861255{border-bottom-width: 0px !important;padding-top: 10px !important;padding-right: 10px !important;padding-bottom: 10px !important;padding-left: 10px !important;border-radius: 1px !important;}&#8221;]<\/p>\n<p class=\"p1\">The hosts Wenlian and Markus G\u00e4mperli with their motivated team welcome you to the 3 star Hotel F\u00fcnf-D\u00f6rfer with sports-center and restaurant in Zizers\/ Untervaz.<\/p>\n<p class=\"p1\">At a central starting point in the middle of the Chur Rhine Valley (Graub\u00fcnden), we present you a high-quality offer:<\/p>\n<ul>\n<li><strong><a href=\"https:\/\/www.hotel-5doerfer.ch\/en\/gastronomy\/culinary\/\">Culinary highlights<\/a><\/strong> in the cozy restaurant or on the cozy sun terrace<\/li>\n<li><strong><a href=\"https:\/\/www.hotel-5doerfer.ch\/en\/hotel\/rooms\/\">Comfortable accommodation<\/a><\/strong> in beautiful rooms<\/li>\n<li><strong><a title=\"Plan, conduct and enjoy seminars\" href=\"https:\/\/www.hotel-5doerfer.ch\/en\/seminars\/\">Inspirational seminars<\/a><\/strong><\/li>\n<li><strong><a href=\"https:\/\/www.hotel-5doerfer.ch\/en\/tennis-sport\/\">Sporty action<\/a><\/strong> with tennis, squash and badminton<\/li>\n<li><strong><a title=\"Goes directly to the motorbike offers page\" href=\"https:\/\/www.hotel-5doerfer.ch\/en\/motorcycles\/\">Motorcycle adventures<\/a><\/strong> on beautiful tours in central and eastern Switzerland, sunny Ticino and neighboring countries<\/li>\n<\/ul>\n<p class=\"p1\">Forget the hustle and bustle of everyday life and simply treat yourself to being our guest.<\/p>\n<p>&nbsp;<\/p>\n<p class=\"p1\"><strong>Hotel and Reception Opening Hours:<\/strong><\/p>\n<p class=\"p1\">Monday to Friday: 08:10 to 21:15<\/p>\n<p class=\"p1\">Weekend and Holidays: 08:10 to 16:00<\/p>\n<p><strong>Sport Facilities Opening Hours:<\/strong><\/p>\n<p class=\"p1\">Monday to Friday: 07:30 to 22.00<\/p>\n<p class=\"p1\">Weekend and Holidays: 08:30 to 16:30<\/p>\n<p class=\"p1\"><strong>Restaurant Opening Hours:<\/strong><\/p>\n<p>Monday to Friday: 07:15 to 22:45<\/p>\n<p>Saturday: closed<\/p>\n<p>Sundays and Holidays: 08:00 <span style=\"color: #000000;\"> to 16.00<\/span><\/p>\n<p class=\"p1\"><strong>Warm Meals:<\/strong><\/p>\n<p>Monday to Friday: 11:45 to 13.30 and 18:00 to 21:15<\/p>\n<p>Sundays: 11:45 to 14:30<\/p>\n<p class=\"p1\">It is our incentive to do our best for you! Your rating under <strong><a title=\"Leads to the hotel rating on HolidayCheck.ch\" href=\"http:\/\/www.holidaycheck.ch\/hotel-Reiseinformationen_Hotel+Sportcenter+Fuenf+Doerfer-hid_88172.html\" target=\"_blank\" rel=\"noopener noreferrer\">HolidayCheck<\/a><\/strong> gives us the necessary orientation so that we can improve. We also look forward to positive feedback!<\/p>\n<p>[\/vc_column_text][\/vc_column][vc_column width=&#8221;1\/3&#8243; css=&#8221;.vc_custom_1611825846173{margin-top: 20px !important;}&#8221;][vc_column_text][su_posts template=&#8221;templates\/default-loop-home.php&#8221; id=&#8221;&#8221; posts_per_page=&#8221;5&#8243; post_type=&#8221;course&#8221; taxonomy=&#8221;department&#8221; tax_term=&#8221;startpage&#8221; tax_operator=&#8221;IN&#8221; author=&#8221;&#8221; meta_key=&#8221;&#8221; offset=&#8221;0&#8243; order=&#8221;DESC&#8221; orderby=&#8221;date&#8221; post_parent=&#8221;&#8221; post_status=&#8221;publish&#8221; ignore_sticky_posts=&#8221;no&#8221;][\/vc_column_text][\/vc_column][\/vc_row][vc_row][vc_column][vc_empty_space][\/vc_column][\/vc_row][\/vc_section][vc_row css=&#8221;.vc_custom_1528279335035{margin-bottom: 10px !important;padding-right: 15px !important;padding-left: 15px !important;background: rgba(255,119,0,0.66) url(https:\/\/www.hotel-5doerfer.ch\/wp-content\/uploads\/2018\/03\/Ganzes-Haus-028-1-e1521306355849.jpg?id=5336) !important;background-position: 0 0 !important;background-repeat: no-repeat !important;*background-color: rgb(255,119,0) !important;}&#8221;][vc_column css=&#8221;.vc_custom_1528279247428{padding-top: 12px !important;padding-right: 40px !important;padding-bottom: 40px !important;padding-left: 40px !important;background-image: url(https:\/\/www.hotel-5doerfer.ch\/wp-content\/uploads\/2017\/02\/cta-bg-1-1.png?id=1866) !important;background-position: center !important;background-repeat: no-repeat !important;background-size: cover !important;border-radius: 3px !important;}&#8221;]<div class=\"addon-themeum-action \" style=\"text-align:left;\"><div class=\"themeum-action\"><div class=\"row\"><div class=\"col-sm-9\"><h3 class=\"action-titlecustomstyle\" style=\"font-size:14px;line-height: normal;color:#ffffff;font-weight:400;margin:28px 0 0;\">Room Booking<\/h3><span class=\"action-sub-titlecustomstylesub\" style=\"font-size:24px;line-height: normal;color:#ffffff;font-weight:700;\">Book Your Room<\/span><\/div><div class=\"col-sm-3 btnright\"><a class=\"action-btn btn btn-white btn-lg btnright\" href=\"https:\/\/tbooking.toubiz.de\/TDS00020010350470091\/tbooking?globalReset=1&amp;lang=en\" target=\"_blank\">ROOM BOOKING<\/a><\/div><\/div><\/div><\/div>[\/vc_column][\/vc_row][vc_row css=&#8221;.vc_custom_1528279662761{margin-bottom: 10px !important;padding-right: 15px !important;padding-left: 15px !important;background: rgba(255,119,0,0.66) url(https:\/\/www.hotel-5doerfer.ch\/wp-content\/uploads\/2018\/03\/big_1360957967_Hotel_Sportcenter_Funf_Dorfer_Restaurant_Speisesaal_4-e1521378956527.jpg?id=5380) !important;background-position: center !important;background-repeat: no-repeat !important;background-size: cover !important;*background-color: rgb(255,119,0) !important;}&#8221;][vc_column css=&#8221;.vc_custom_1490271091078{padding-top: 12px !important;padding-right: 40px !important;padding-bottom: 40px !important;padding-left: 40px !important;background-image: url(https:\/\/www.hotel-5doerfer.ch\/wp-content\/uploads\/2017\/02\/cta-bg-1-1.png?id=1866) !important;background-position: center !important;background-repeat: no-repeat !important;background-size: cover !important;border-radius: 3px !important;}&#8221;]<div class=\"addon-themeum-action \" style=\"text-align:left;\"><div class=\"themeum-action\"><div class=\"row\"><div class=\"col-sm-9\"><h3 class=\"action-titlecustomstyle\" style=\"font-size:14px;line-height: normal;color:#ffffff;font-weight:400;margin:28px 0 0;\">Table Reservation<\/h3><span class=\"action-sub-titlecustomstylesub\" style=\"font-size:24px;line-height: normal;color:#ffffff;font-weight:700;\">Your Table at Our Restaurant<\/span><\/div><div class=\"col-sm-3 btnright\"><a class=\"action-btn btn btn-white btn-lg btnright\" href=\"https:\/\/yellow.local.ch\/en\/d\/Zizers\/7205\/Hotel\/Hotel-Sportcenter-Fuenf-Doerfer-AG-stRJm03qNycdv_UTBF_exA\" target=\"_blank\">TABLE RESERVATION<\/a><\/div><\/div><\/div><\/div>[\/vc_column][\/vc_row][vc_row css=&#8221;.vc_custom_1528279440728{margin-bottom: 50px !important;padding-right: 15px !important;padding-left: 15px !important;background: rgba(255,119,0,0.66) url(https:\/\/www.hotel-5doerfer.ch\/wp-content\/uploads\/2018\/03\/big_1358370101_tennisball-1.jpg?id=5440) !important;background-position: center !important;background-repeat: no-repeat !important;background-size: cover !important;*background-color: rgb(255,119,0) !important;}&#8221;][vc_column css=&#8221;.vc_custom_1580915129758{padding-top: 12px !important;padding-right: 40px !important;padding-bottom: 40px !important;padding-left: 40px !important;background-image: url(https:\/\/www.hotel-5doerfer.ch\/wp-content\/uploads\/2017\/02\/cta-bg-1-1.png?id=1866) !important;background-position: center !important;background-repeat: no-repeat !important;background-size: cover !important;border-radius: 3px !important;}&#8221; el_id=&#8221;localina-button&#8221;]<div class=\"addon-themeum-action \" style=\"text-align:left;\"><div class=\"themeum-action\"><div class=\"row\"><div class=\"col-sm-9\"><h3 class=\"action-titlecustomstyle\" style=\"font-size:14px;line-height: normal;color:#ffffff;font-weight:400;margin:28px 0 0;\">Tennis, Squash, Badminton &amp; Sauna<\/h3><span class=\"action-sub-titlecustomstylesub\" style=\"font-size:24px;line-height: normal;color:#ffffff;font-weight:700;\">Book Your Activity<\/span><\/div><div class=\"col-sm-3 btnright\"><a class=\"action-btn btn btn-white btn-lg btnright\" href=\"https:\/\/app.tennis04.com\/de\/5doerfer\" target=\"_blank\">ACTIVITY BOOKING<\/a><\/div><\/div><\/div><\/div>[\/vc_column][\/vc_row][vc_row][vc_column][\/vc_column][\/vc_row][vc_row][vc_column css=&#8221;.vc_custom_1522839923463{padding-right: 0px !important;padding-left: 0px !important;background-position: center !important;background-repeat: no-repeat !important;background-size: contain !important;}&#8221;][\/vc_column][\/vc_row]<\/p>\n<\/div>","protected":false},"excerpt":{"rendered":"<p>[vc_section el_id=&#8221;Top&#8221; css=&#8221;.vc_custom_1521306078749{margin-top: -80px !important;margin-right: -px !important;margin-bottom: -px !important;margin-left: -px !important;}&#8221;][vc_row full_width=&#8221;stretch_row_content_no_spaces&#8221; css_animation=&#8221;fadeIn&#8221;][vc_column][\/vc_column][\/vc_row][vc_row][vc_column width=&#8221;2\/3&#8243; css=&#8221;.vc_custom_1521295736087{margin-top: 20px !important;}&#8221;][vc_column_text css=&#8221;.vc_custom_1738766861255{border-bottom-width: 0px !important;padding-top: 10px !important;padding-right: 10px !important;padding-bottom: 10px !important;padding-left: 10px !important;border-radius: 1px !important;}&#8221;] The hosts Wenlian and Markus G\u00e4mperli with their motivated team welcome you to the 3 star Hotel F\u00fcnf-D\u00f6rfer with sports-center and restaurant in Zizers\/ Untervaz. [&hellip;]<\/p>\n","protected":false},"author":5,"featured_media":0,"parent":0,"menu_order":0,"comment_status":"closed","ping_status":"closed","template":"homepage.php","meta":{"footnotes":""},"class_list":["post-8162","page","type-page","status-publish","hentry"],"_links":{"self":[{"href":"https:\/\/www.hotel-5doerfer.ch\/en\/wp-json\/wp\/v2\/pages\/8162","targetHints":{"allow":["GET"]}}],"collection":[{"href":"https:\/\/www.hotel-5doerfer.ch\/en\/wp-json\/wp\/v2\/pages"}],"about":[{"href":"https:\/\/www.hotel-5doerfer.ch\/en\/wp-json\/wp\/v2\/types\/page"}],"author":[{"embeddable":true,"href":"https:\/\/www.hotel-5doerfer.ch\/en\/wp-json\/wp\/v2\/users\/5"}],"replies":[{"embeddable":true,"href":"https:\/\/www.hotel-5doerfer.ch\/en\/wp-json\/wp\/v2\/comments?post=8162"}],"version-history":[{"count":58,"href":"https:\/\/www.hotel-5doerfer.ch\/en\/wp-json\/wp\/v2\/pages\/8162\/revisions"}],"predecessor-version":[{"id":9859,"href":"https:\/\/www.hotel-5doerfer.ch\/en\/wp-json\/wp\/v2\/pages\/8162\/revisions\/9859"}],"wp:attachment":[{"href":"https:\/\/www.hotel-5doerfer.ch\/en\/wp-json\/wp\/v2\/media?parent=8162"}],"curies":[{"name":"wp","href":"https:\/\/api.w.org\/{rel}","templated":true}]}}